{"id":6224,"date":"2021-08-25T19:12:00","date_gmt":"2021-08-25T19:12:00","guid":{"rendered":"https:\/\/www.cloverleaf.ca\/?page_id=6224"},"modified":"2023-03-29T18:23:06","modified_gmt":"2023-03-29T18:23:06","slug":"ou-acheter","status":"publish","type":"page","link":"https:\/\/www.cloverleaf.ca\/fr\/ou-acheter\/","title":{"rendered":"O\u00f9 acheter"},"content":{"rendered":"<h2 style=\"text-align: center;\">D\u2019un oc\u00e9an \u00e0 l\u2019autre<\/h2>\n<p style=\"text-align: center;\">Les produits de la mer Clover Leaf sont le moyen le plus simple de cr\u00e9er rapidement des repas sains. Nos produits sont \u00e9galement disponibles partout au Canada dans presque toutes les \u00e9piceries, et en ligne en utilisant les liens ci-dessous. Un d\u00e9licieux repas n\u2019est jamais bien loin.<\/p>\n","protected":false},"excerpt":{"rendered":"<p>D\u2019un oc\u00e9an \u00e0 l\u2019autre Les produits de la mer Clover Leaf sont le moyen le plus simple de cr\u00e9er rapidement des repas sains. Nos produits sont \u00e9galement disponibles partout au Canada dans presque toutes les \u00e9piceries, et en ligne en utilisant les liens ci-dessous. Un d\u00e9licieux repas n\u2019est jamais bien loin.<\/p>\n","protected":false},"author":6,"featured_media":9595,"parent":0,"menu_order":0,"comment_status":"closed","ping_status":"closed","template":"page-templates\/page-where-to-buy.php","meta":{"footnotes":""},"class_list":["post-6224","page","type-page","status-publish","has-post-thumbnail","hentry"],"acf":[],"_links":{"self":[{"href":"https:\/\/www.cloverleaf.ca\/fr\/wp-json\/wp\/v2\/pages\/6224","targetHints":{"allow":["GET"]}}],"collection":[{"href":"https:\/\/www.cloverleaf.ca\/fr\/wp-json\/wp\/v2\/pages"}],"about":[{"href":"https:\/\/www.cloverleaf.ca\/fr\/wp-json\/wp\/v2\/types\/page"}],"author":[{"embeddable":true,"href":"https:\/\/www.cloverleaf.ca\/fr\/wp-json\/wp\/v2\/users\/6"}],"replies":[{"embeddable":true,"href":"https:\/\/www.cloverleaf.ca\/fr\/wp-json\/wp\/v2\/comments?post=6224"}],"version-history":[{"count":10,"href":"https:\/\/www.cloverleaf.ca\/fr\/wp-json\/wp\/v2\/pages\/6224\/revisions"}],"predecessor-version":[{"id":9599,"href":"https:\/\/www.cloverleaf.ca\/fr\/wp-json\/wp\/v2\/pages\/6224\/revisions\/9599"}],"wp:featuredmedia":[{"embeddable":true,"href":"https:\/\/www.cloverleaf.ca\/fr\/wp-json\/wp\/v2\/media\/9595"}],"wp:attachment":[{"href":"https:\/\/www.cloverleaf.ca\/fr\/wp-json\/wp\/v2\/media?parent=6224"}],"curies":[{"name":"wp","href":"https:\/\/api.w.org\/{rel}","templated":true}]}}