{"id":1104,"date":"2021-07-08T21:27:48","date_gmt":"2021-07-09T01:27:48","guid":{"rendered":"https:\/\/www.cloverleaf.ca\/?page_id=1104"},"modified":"2026-03-02T13:35:11","modified_gmt":"2026-03-02T13:35:11","slug":"retracer-ma-prise","status":"publish","type":"page","link":"https:\/\/www.cloverleaf.ca\/fr\/retracer-ma-prise\/","title":{"rendered":"Retracer ma prise"},"content":{"rendered":"<p>Savez-vous d\u2019o\u00f9 proviennent le thon, le saumon ou les sardines que vous achetez? Nous le savons. Chez Clover Leaf, nous sommes fiers de fournir des d\u00e9tails sur chaque lieu de la prise, la m\u00e9thode de p\u00eache, le nom du navire et le pays d\u2019origine. Explorez le monde gr\u00e2ce au code situ\u00e9 sous votre bo\u00eete de conserve Clover Leaf.<\/p>\n","protected":false},"excerpt":{"rendered":"<p>Savez-vous d\u2019o\u00f9 proviennent le thon, le saumon ou les sardines que vous achetez? Nous le savons. Chez Clover Leaf, nous sommes fiers de fournir des d\u00e9tails sur chaque lieu de la prise, la m\u00e9thode de p\u00eache, le nom du navire et le pays d\u2019origine. Explorez le monde gr\u00e2ce au code situ\u00e9 sous votre bo\u00eete de [&hellip;]<\/p>\n","protected":false},"author":1,"featured_media":6782,"parent":0,"menu_order":0,"comment_status":"closed","ping_status":"closed","template":"","meta":{"footnotes":""},"class_list":["post-1104","page","type-page","status-publish","has-post-thumbnail","hentry"],"acf":[],"_links":{"self":[{"href":"https:\/\/www.cloverleaf.ca\/fr\/wp-json\/wp\/v2\/pages\/1104","targetHints":{"allow":["GET"]}}],"collection":[{"href":"https:\/\/www.cloverleaf.ca\/fr\/wp-json\/wp\/v2\/pages"}],"about":[{"href":"https:\/\/www.cloverleaf.ca\/fr\/wp-json\/wp\/v2\/types\/page"}],"author":[{"embeddable":true,"href":"https:\/\/www.cloverleaf.ca\/fr\/wp-json\/wp\/v2\/users\/1"}],"replies":[{"embeddable":true,"href":"https:\/\/www.cloverleaf.ca\/fr\/wp-json\/wp\/v2\/comments?post=1104"}],"version-history":[{"count":12,"href":"https:\/\/www.cloverleaf.ca\/fr\/wp-json\/wp\/v2\/pages\/1104\/revisions"}],"predecessor-version":[{"id":11311,"href":"https:\/\/www.cloverleaf.ca\/fr\/wp-json\/wp\/v2\/pages\/1104\/revisions\/11311"}],"wp:featuredmedia":[{"embeddable":true,"href":"https:\/\/www.cloverleaf.ca\/fr\/wp-json\/wp\/v2\/media\/6782"}],"wp:attachment":[{"href":"https:\/\/www.cloverleaf.ca\/fr\/wp-json\/wp\/v2\/media?parent=1104"}],"curies":[{"name":"wp","href":"https:\/\/api.w.org\/{rel}","templated":true}]}}