{"id":1098,"date":"2021-07-08T19:47:33","date_gmt":"2021-07-08T23:47:33","guid":{"rendered":"https:\/\/www.cloverleaf.ca\/?page_id=1098"},"modified":"2025-10-31T11:46:58","modified_gmt":"2025-10-31T11:46:58","slug":"perennite","status":"publish","type":"page","link":"https:\/\/www.cloverleaf.ca\/fr\/perennite\/","title":{"rendered":"P\u00e9rennit\u00e9"},"content":{"rendered":"<h2 style=\"text-align: center;\">Notre vision<\/h2>\n<p style=\"text-align: center;\">\u00c0 titre d\u2019entreprise internationale de produits de la mer, nous reconnaissons notre responsabilit\u00e9 envers la sant\u00e9 de nos oc\u00e9ans. C\u2019est la raison pour laquelle c\u2019est important pour nous d\u2019accorder la priorit\u00e9 \u00e0 la p\u00eache durable sur le plan de l\u2019environnement. Apprenez-en davantage au sujet de nos efforts et de ce qu\u2019ils repr\u00e9sentent pour les gens, nos produits et la plan\u00e8te ici.<\/p>\n","protected":false},"excerpt":{"rendered":"<p>Notre vision \u00c0 titre d\u2019entreprise internationale de produits de la mer, nous reconnaissons notre responsabilit\u00e9 envers la sant\u00e9 de nos oc\u00e9ans. C\u2019est la raison pour laquelle c\u2019est important pour nous d\u2019accorder la priorit\u00e9 \u00e0 la p\u00eache durable sur le plan de l\u2019environnement. Apprenez-en davantage au sujet de nos efforts et de ce qu\u2019ils repr\u00e9sentent pour [&hellip;]<\/p>\n","protected":false},"author":1,"featured_media":6313,"parent":0,"menu_order":0,"comment_status":"closed","ping_status":"closed","template":"page-templates\/page-sustainability.php","meta":{"footnotes":""},"class_list":["post-1098","page","type-page","status-publish","has-post-thumbnail","hentry"],"acf":[],"_links":{"self":[{"href":"https:\/\/www.cloverleaf.ca\/fr\/wp-json\/wp\/v2\/pages\/1098","targetHints":{"allow":["GET"]}}],"collection":[{"href":"https:\/\/www.cloverleaf.ca\/fr\/wp-json\/wp\/v2\/pages"}],"about":[{"href":"https:\/\/www.cloverleaf.ca\/fr\/wp-json\/wp\/v2\/types\/page"}],"author":[{"embeddable":true,"href":"https:\/\/www.cloverleaf.ca\/fr\/wp-json\/wp\/v2\/users\/1"}],"replies":[{"embeddable":true,"href":"https:\/\/www.cloverleaf.ca\/fr\/wp-json\/wp\/v2\/comments?post=1098"}],"version-history":[{"count":45,"href":"https:\/\/www.cloverleaf.ca\/fr\/wp-json\/wp\/v2\/pages\/1098\/revisions"}],"predecessor-version":[{"id":11199,"href":"https:\/\/www.cloverleaf.ca\/fr\/wp-json\/wp\/v2\/pages\/1098\/revisions\/11199"}],"wp:featuredmedia":[{"embeddable":true,"href":"https:\/\/www.cloverleaf.ca\/fr\/wp-json\/wp\/v2\/media\/6313"}],"wp:attachment":[{"href":"https:\/\/www.cloverleaf.ca\/fr\/wp-json\/wp\/v2\/media?parent=1098"}],"curies":[{"name":"wp","href":"https:\/\/api.w.org\/{rel}","templated":true}]}}