{"id":1088,"date":"2021-07-08T21:13:46","date_gmt":"2021-07-09T01:13:46","guid":{"rendered":"https:\/\/www.cloverleaf.ca\/?page_id=1088"},"modified":"2021-08-27T06:34:46","modified_gmt":"2021-08-27T06:34:46","slug":"contactez-nous","status":"publish","type":"page","link":"https:\/\/www.cloverleaf.ca\/fr\/contactez-nous\/","title":{"rendered":"Contactez nous"},"content":{"rendered":"<h2>Vous voulez nous joindre? Oui, vous le pouvez.<\/h2>\n<p>Clover Leaf aime recevoir les commentaires de ses clients. Voyez ci-dessous les diff\u00e9rentes fa\u00e7ons de nous joindre. Une personne vous r\u00e9pondra rapidement.<\/p>\n","protected":false},"excerpt":{"rendered":"<p>Vous voulez nous joindre? Oui, vous le pouvez. Clover Leaf aime recevoir les commentaires de ses clients. Voyez ci-dessous les diff\u00e9rentes fa\u00e7ons de nous joindre. Une personne vous r\u00e9pondra rapidement.<\/p>\n","protected":false},"author":1,"featured_media":0,"parent":0,"menu_order":0,"comment_status":"closed","ping_status":"closed","template":"page-templates\/page-contact-us.php","meta":{"footnotes":""},"class_list":["post-1088","page","type-page","status-publish","hentry"],"acf":[],"_links":{"self":[{"href":"https:\/\/www.cloverleaf.ca\/fr\/wp-json\/wp\/v2\/pages\/1088","targetHints":{"allow":["GET"]}}],"collection":[{"href":"https:\/\/www.cloverleaf.ca\/fr\/wp-json\/wp\/v2\/pages"}],"about":[{"href":"https:\/\/www.cloverleaf.ca\/fr\/wp-json\/wp\/v2\/types\/page"}],"author":[{"embeddable":true,"href":"https:\/\/www.cloverleaf.ca\/fr\/wp-json\/wp\/v2\/users\/1"}],"replies":[{"embeddable":true,"href":"https:\/\/www.cloverleaf.ca\/fr\/wp-json\/wp\/v2\/comments?post=1088"}],"version-history":[{"count":2,"href":"https:\/\/www.cloverleaf.ca\/fr\/wp-json\/wp\/v2\/pages\/1088\/revisions"}],"predecessor-version":[{"id":6228,"href":"https:\/\/www.cloverleaf.ca\/fr\/wp-json\/wp\/v2\/pages\/1088\/revisions\/6228"}],"wp:attachment":[{"href":"https:\/\/www.cloverleaf.ca\/fr\/wp-json\/wp\/v2\/media?parent=1088"}],"curies":[{"name":"wp","href":"https:\/\/api.w.org\/{rel}","templated":true}]}}