{"id":10594,"date":"2025-01-06T20:34:49","date_gmt":"2025-01-06T20:34:49","guid":{"rendered":"https:\/\/www.cloverleaf.ca\/?page_id=10594"},"modified":"2025-02-03T14:51:42","modified_gmt":"2025-02-03T14:51:42","slug":"accessibilite","status":"publish","type":"page","link":"https:\/\/www.cloverleaf.ca\/fr\/accessibilite\/","title":{"rendered":"Accessibilit\u00e9"},"content":{"rendered":"<p>Clover Leaf Seafoods Corp. s\u2019engage \u00e0 offrir un site Web accessible au plus grand nombre, y compris aux personnes souffrant de d\u00e9ficiences visuelles, auditives, cognitives et motrices.<\/p>\n<p>En tant qu\u2019entreprise, nous nous engageons \u00e0 atteindre notre objectif, qui est de \u00ab nourrir la vie des gens gr\u00e2ce \u00e0 la puissance de l\u2019oc\u00e9an \u00bb. Nos consommateurs sont v\u00e9ritablement au c\u0153ur de tout ce que nous faisons et nous nous effor\u00e7ons constamment d\u2019am\u00e9liorer leur exp\u00e9rience, ce qui implique de donner la priorit\u00e9 \u00e0 l\u2019accessibilit\u00e9, car elle nous permet de favoriser un environnement plus inclusif.<\/p>\n<h4><strong>ACCESSIBILIT\u00c9 DU SITE WEB<\/strong><\/h4>\n<p>Nous nous effor\u00e7ons d\u2019am\u00e9liorer la fonctionnalit\u00e9 et le contenu de notre site Web et nous le mettons r\u00e9guli\u00e8rement \u00e0 jour pour nous assurer qu\u2019il reste conforme pour l\u2019essentiel aux R\u00e8gles pour l\u2019accessibilit\u00e9 des contenus Web 2.1, niveau AA. Nous recommandons \u00e0 nos utilisateurs d\u2019utiliser les versions les plus r\u00e9centes de toute technologie d\u2019assistance et de tout produit de navigation sur le Web, car cela garantira que notre site Web offre une exp\u00e9rience dynamique et compl\u00e8te.<\/p>\n<p>Dans certains cas limit\u00e9s, notre site Web affiche des liens vers le contenu de tiers. Bien que nous soyons conscients de la n\u00e9cessit\u00e9 de veiller \u00e0 ce que les liens vers le contenu de tiers soient conformes pour l\u2019essentiel aux WCAG 2.1 et que nous mettions tout en \u0153uvre pour y parvenir, nous n\u2019exer\u00e7ons aucun contr\u00f4le sur ces liens de tiers et sur leur contenu, et nous ne pouvons donc pas \u00eatre tenus responsables de l\u2019existence de probl\u00e8mes d\u2019accessibilit\u00e9 dans certains cas.<\/p>\n<p>Nous nous engageons non seulement \u00e0 maintenir notre site Web accessible, mais aussi \u00e0 suivre de pr\u00e8s les progr\u00e8s r\u00e9alis\u00e9s par le W3C en mati\u00e8re d\u2019accessibilit\u00e9 et\/ou l\u2019adoption \u00e9ventuelle de r\u00e9glementations gouvernementales officielles concernant l\u2019accessibilit\u00e9 des sites Web.<\/p>\n<p>Nous recommandons d\u2019utiliser les combinaisons suivantes de navigateur Web et de lecteur d\u2019\u00e9cran pour une exp\u00e9rience optimis\u00e9e\u00a0:<\/p>\n<p><strong>Pour les utilisateurs de Windows\u00a0:<\/strong>\u00a0JAWS et Internet Explorer ou NVDA et Firefox<br \/>\n<strong>Pour les utilisateurs de Mac\u00a0:<\/strong>\u00a0VoiceOver et Safari ou VoiceOver et Chrome<br \/>\n<strong>Pour les utilisateurs d\u2019appareils mobiles\u00a0:<\/strong>\u00a0VoiceOver pour les appareils iPhone et TalkBack pour les appareils Android<\/p>\n<h4><strong>INCLUSIVIT\u00c9\/COLLABORATION<\/strong><\/h4>\n<p>Il est tr\u00e8s important pour nous de favoriser une communaut\u00e9 inclusive. Votre avis sur notre fa\u00e7on de faire est \u00e9galement important. Si vous souhaitez que nous prenions en consid\u00e9ration un point qui pourrait \u00eatre am\u00e9lior\u00e9 ou que nous pourrions am\u00e9liorer, n\u2019h\u00e9sitez pas \u00e0 nous contacter directement \u00e0 <a href=\"mailto:human.resources@cloverleaf.ca\">human.resources@cloverleaf.ca<\/a>.<\/p>\n<h4><strong>SOUTIEN<\/strong><\/h4>\n<p>Si vous \u00e9prouvez des difficult\u00e9s li\u00e9es \u00e0 la technologie d\u2019assistance, y compris les lecteurs d\u2019\u00e9cran, l\u2019acc\u00e8s au clavier ou d\u2019autres probl\u00e8mes li\u00e9s \u00e0 l\u2019accessibilit\u00e9 de notre site Web, n\u2019h\u00e9sitez pas \u00e0 nous appeler au 1-877-893-9880.<\/p>\n<p>Si vous pr\u00e9f\u00e9rez nous faire part de vos commentaires par courrier \u00e9lectronique, veuillez nous contacter \u00e0\u00a0<a href=\"mailto:human.resources@cloverleaf.ca\">human.resources@cloverleaf.ca<\/a>. N\u2019oubliez pas de pr\u00e9ciser la page Web que vous avez visit\u00e9e, la date de votre visite et une br\u00e8ve description du probl\u00e8me qui est survenu. Vos questions et commentaires sont les bienvenus.<\/p>\n<p><strong>Veuillez consulter notre politique et notre plan en cliquant sur les liens ci-dessous.<\/strong><\/p>\n<p><a href=\"https:\/\/www.cloverleaf.ca\/wp-content\/uploads\/2025\/01\/AODA-Clover-Leaf-Accessibility-Policy-Ontario_French.pdf\">Politique d\u2019accessibilit\u00e9 en vertu de la LAPHO \u2013 Ontario<\/a><\/p>\n<p><a href=\"https:\/\/www.cloverleaf.ca\/wp-content\/uploads\/2025\/01\/AODA-Clover-Leaf-Multi-Year-Accessibility-Plan-Ontario_French.pdf\">Plan d\u2019accessibilit\u00e9 pluriannuel en vertu de la LAPHO \u2013 Ontario<\/a><\/p>\n<p>&nbsp;<\/p>\n","protected":false},"excerpt":{"rendered":"<p>Clover Leaf Seafoods Corp. s\u2019engage \u00e0 offrir un site Web accessible au plus grand nombre, y compris aux personnes souffrant de d\u00e9ficiences visuelles, auditives, cognitives et motrices. En tant qu\u2019entreprise, nous nous engageons \u00e0 atteindre notre objectif, qui est de \u00ab nourrir la vie des gens gr\u00e2ce \u00e0 la puissance de l\u2019oc\u00e9an \u00bb. Nos consommateurs [&hellip;]<\/p>\n","protected":false},"author":2,"featured_media":0,"parent":0,"menu_order":0,"comment_status":"closed","ping_status":"closed","template":"","meta":{"footnotes":""},"class_list":["post-10594","page","type-page","status-publish","hentry"],"acf":[],"_links":{"self":[{"href":"https:\/\/www.cloverleaf.ca\/fr\/wp-json\/wp\/v2\/pages\/10594","targetHints":{"allow":["GET"]}}],"collection":[{"href":"https:\/\/www.cloverleaf.ca\/fr\/wp-json\/wp\/v2\/pages"}],"about":[{"href":"https:\/\/www.cloverleaf.ca\/fr\/wp-json\/wp\/v2\/types\/page"}],"author":[{"embeddable":true,"href":"https:\/\/www.cloverleaf.ca\/fr\/wp-json\/wp\/v2\/users\/2"}],"replies":[{"embeddable":true,"href":"https:\/\/www.cloverleaf.ca\/fr\/wp-json\/wp\/v2\/comments?post=10594"}],"version-history":[{"count":2,"href":"https:\/\/www.cloverleaf.ca\/fr\/wp-json\/wp\/v2\/pages\/10594\/revisions"}],"predecessor-version":[{"id":10610,"href":"https:\/\/www.cloverleaf.ca\/fr\/wp-json\/wp\/v2\/pages\/10594\/revisions\/10610"}],"wp:attachment":[{"href":"https:\/\/www.cloverleaf.ca\/fr\/wp-json\/wp\/v2\/media?parent=10594"}],"curies":[{"name":"wp","href":"https:\/\/api.w.org\/{rel}","templated":true}]}}