{"id":1051,"date":"2021-07-08T20:24:39","date_gmt":"2021-07-09T00:24:39","guid":{"rendered":"https:\/\/www.cloverleaf.ca\/?page_id=1051"},"modified":"2025-04-24T19:51:24","modified_gmt":"2025-04-24T19:51:24","slug":"homepage","status":"publish","type":"page","link":"https:\/\/www.cloverleaf.ca\/fr\/","title":{"rendered":"Homepage FR"},"content":{"rendered":"<h1 style=\"text-align: center;\">Nous croyons que chaque bo\u00eete de conserve de produits de la mer est un cadeau de l\u2019oc\u00e9an.<\/h1>\n<p style=\"text-align: center;\">Un cadeau g\u00e9n\u00e9reux rempli de produits de la mer authentiques, savoureux et riches en \u00e9l\u00e9ments nutritifs, p\u00each\u00e9s de fa\u00e7on responsable par des p\u00eacheurs d\u00e9vou\u00e9s, qui favorisent la sant\u00e9 de toutes les personnes qui ouvrent ces bo\u00eetes. Nous montrons notre reconnaissance en nous engageant \u00e0 assurer le bien-\u00eatre des oc\u00e9ans de la plan\u00e8te pour tous ceux qui en d\u00e9pendent. C\u2019est notre promesse aux g\u00e9n\u00e9rations \u00e0 venir. Nous sommes \u00e0 jamais reconnaissants.<\/p>\n","protected":false},"excerpt":{"rendered":"<p>Nous croyons que chaque bo\u00eete de conserve de produits de la mer est un cadeau de l\u2019oc\u00e9an. Un cadeau g\u00e9n\u00e9reux rempli de produits de la mer authentiques, savoureux et riches en \u00e9l\u00e9ments nutritifs, p\u00each\u00e9s de fa\u00e7on responsable par des p\u00eacheurs d\u00e9vou\u00e9s, qui favorisent la sant\u00e9 de toutes les personnes qui ouvrent ces bo\u00eetes. Nous montrons [&hellip;]<\/p>\n","protected":false},"author":1,"featured_media":0,"parent":0,"menu_order":0,"comment_status":"closed","ping_status":"closed","template":"page-templates\/page-homepage.php","meta":{"footnotes":""},"class_list":["post-1051","page","type-page","status-publish","hentry"],"acf":[],"_links":{"self":[{"href":"https:\/\/www.cloverleaf.ca\/fr\/wp-json\/wp\/v2\/pages\/1051","targetHints":{"allow":["GET"]}}],"collection":[{"href":"https:\/\/www.cloverleaf.ca\/fr\/wp-json\/wp\/v2\/pages"}],"about":[{"href":"https:\/\/www.cloverleaf.ca\/fr\/wp-json\/wp\/v2\/types\/page"}],"author":[{"embeddable":true,"href":"https:\/\/www.cloverleaf.ca\/fr\/wp-json\/wp\/v2\/users\/1"}],"replies":[{"embeddable":true,"href":"https:\/\/www.cloverleaf.ca\/fr\/wp-json\/wp\/v2\/comments?post=1051"}],"version-history":[{"count":27,"href":"https:\/\/www.cloverleaf.ca\/fr\/wp-json\/wp\/v2\/pages\/1051\/revisions"}],"predecessor-version":[{"id":10879,"href":"https:\/\/www.cloverleaf.ca\/fr\/wp-json\/wp\/v2\/pages\/1051\/revisions\/10879"}],"wp:attachment":[{"href":"https:\/\/www.cloverleaf.ca\/fr\/wp-json\/wp\/v2\/media?parent=1051"}],"curies":[{"name":"wp","href":"https:\/\/api.w.org\/{rel}","templated":true}]}}