{"id":1049,"date":"2021-07-08T19:50:19","date_gmt":"2021-07-08T23:50:19","guid":{"rendered":"https:\/\/www.cloverleaf.ca\/?page_id=1049"},"modified":"2025-04-29T19:52:43","modified_gmt":"2025-04-29T19:52:43","slug":"a-propos-de-nous","status":"publish","type":"page","link":"https:\/\/www.cloverleaf.ca\/fr\/a-propos-de-nous\/","title":{"rendered":"\u00c0 propos de nous"},"content":{"rendered":"<p>Clover Leaf a captur\u00e9 la saveur de la mer pour la premi\u00e8re fois en 1871, lorsque nous avons fond\u00e9 la premi\u00e8re conserverie sur le fleuve Fraser, en Colombie-Britannique. \u00c0 cette \u00e9poque, nous \u00e9tions les seuls \u00e0 le faire. Depuis, nous nous sommes \u00e9tablis \u00e0 l\u2019\u00e9chelle nationale afin de pouvoir offrir des produits de la mer savoureux et nutritifs \u00e0 tous les Canadiens.<\/p>\n","protected":false},"excerpt":{"rendered":"<p>Clover Leaf a captur\u00e9 la saveur de la mer pour la premi\u00e8re fois en 1871, lorsque nous avons fond\u00e9 la premi\u00e8re conserverie sur le fleuve Fraser, en Colombie-Britannique. \u00c0 cette \u00e9poque, nous \u00e9tions les seuls \u00e0 le faire. Depuis, nous nous sommes \u00e9tablis \u00e0 l\u2019\u00e9chelle nationale afin de pouvoir offrir des produits de la mer [&hellip;]<\/p>\n","protected":false},"author":1,"featured_media":6645,"parent":0,"menu_order":0,"comment_status":"closed","ping_status":"closed","template":"page-templates\/page-about.php","meta":{"footnotes":""},"class_list":["post-1049","page","type-page","status-publish","has-post-thumbnail","hentry"],"acf":[],"_links":{"self":[{"href":"https:\/\/www.cloverleaf.ca\/fr\/wp-json\/wp\/v2\/pages\/1049","targetHints":{"allow":["GET"]}}],"collection":[{"href":"https:\/\/www.cloverleaf.ca\/fr\/wp-json\/wp\/v2\/pages"}],"about":[{"href":"https:\/\/www.cloverleaf.ca\/fr\/wp-json\/wp\/v2\/types\/page"}],"author":[{"embeddable":true,"href":"https:\/\/www.cloverleaf.ca\/fr\/wp-json\/wp\/v2\/users\/1"}],"replies":[{"embeddable":true,"href":"https:\/\/www.cloverleaf.ca\/fr\/wp-json\/wp\/v2\/comments?post=1049"}],"version-history":[{"count":17,"href":"https:\/\/www.cloverleaf.ca\/fr\/wp-json\/wp\/v2\/pages\/1049\/revisions"}],"predecessor-version":[{"id":10895,"href":"https:\/\/www.cloverleaf.ca\/fr\/wp-json\/wp\/v2\/pages\/1049\/revisions\/10895"}],"wp:featuredmedia":[{"embeddable":true,"href":"https:\/\/www.cloverleaf.ca\/fr\/wp-json\/wp\/v2\/media\/6645"}],"wp:attachment":[{"href":"https:\/\/www.cloverleaf.ca\/fr\/wp-json\/wp\/v2\/media?parent=1049"}],"curies":[{"name":"wp","href":"https:\/\/api.w.org\/{rel}","templated":true}]}}